{"id":192,"date":"2020-12-15T17:08:48","date_gmt":"2020-12-15T17:08:48","guid":{"rendered":"https:\/\/okornplast.si\/?page_id=192"},"modified":"2024-01-15T20:53:04","modified_gmt":"2024-01-15T20:53:04","slug":"ldpe-natur","status":"publish","type":"page","link":"https:\/\/okornplast.si\/?page_id=192","title":{"rendered":"LDPE natur"},"content":{"rendered":"\n<p>Izdelujemo zelo kvaliteten LDPE natur regranulat. Skozi proces recepture in vzor\u010denja smo pri\u0161li do izredne kakovosti, ki pa ga nadgrajujemo z ustreznimi analizami REACH (vsebnost ustreznih snovi) in lastnostmi za nadaljnjo proizvodnjo.<\/p>\n\n\n\n<figure class=\"wp-block-image size-large\"><img decoding=\"async\" width=\"170\" height=\"128\" src=\"https:\/\/okornplast.si\/wp-content\/uploads\/2020\/12\/ldpe_natur.png\" alt=\"\" class=\"wp-image-193\"\/><\/figure>\n\n\n\n<p>Vsaka odprema je opremljena z vzorcem folije izdelane iz vsebine regranulata, ki je predmet po\u0161iljke.<\/p>\n\n\n\n<p>Ker vemo, da so posamezne proizvodnje lahko bolj zahtevne pri dolo\u010denih karakteristikah, sku\u0161amo s kupci najti ustreznej\u0161o recepturo, ki ustreza njihovim proizvodnim procesom.<\/p>\n\n\n\n<p>Tovrstni regranulat je primeren tako za proizvodnjo folije in njim povezanim izdelkom (nosilne vre\u010dke, vre\u010dke za smeti, gradbena folija, ovijalna folija) ali pa v proizvodnji izdelkov iz LDPE.<\/p>\n","protected":false},"excerpt":{"rendered":"<p>Izdelujemo zelo kvaliteten LDPE natur regranulat. Skozi proces recepture in vzor\u010denja smo pri\u0161li do izredne kakovosti, ki pa ga nadgrajujemo z ustreznimi analizami REACH (vsebnost ustreznih snovi) in lastnostmi za nadaljnjo proizvodnjo. Vsaka odprema je opremljena z vzorcem folije izdelane iz vsebine regranulata, ki je predmet po\u0161iljke. Ker vemo, da so posamezne proizvodnje lahko bolj &hellip; <\/p>\n<p class=\"link-more\"><a href=\"https:\/\/okornplast.si\/?page_id=192\" class=\"more-link\">Continue reading<span class=\"screen-reader-text\"> &#8220;LDPE natur&#8221;<\/span><\/a><\/p>\n","protected":false},"author":1,"featured_media":0,"parent":186,"menu_order":0,"comment_status":"closed","ping_status":"closed","template":"","meta":{"footnotes":""},"class_list":["post-192","page","type-page","status-publish","hentry"],"_links":{"self":[{"href":"https:\/\/okornplast.si\/index.php?rest_route=\/wp\/v2\/pages\/192","targetHints":{"allow":["GET"]}}],"collection":[{"href":"https:\/\/okornplast.si\/index.php?rest_route=\/wp\/v2\/pages"}],"about":[{"href":"https:\/\/okornplast.si\/index.php?rest_route=\/wp\/v2\/types\/page"}],"author":[{"embeddable":true,"href":"https:\/\/okornplast.si\/index.php?rest_route=\/wp\/v2\/users\/1"}],"replies":[{"embeddable":true,"href":"https:\/\/okornplast.si\/index.php?rest_route=%2Fwp%2Fv2%2Fcomments&post=192"}],"version-history":[{"count":2,"href":"https:\/\/okornplast.si\/index.php?rest_route=\/wp\/v2\/pages\/192\/revisions"}],"predecessor-version":[{"id":300,"href":"https:\/\/okornplast.si\/index.php?rest_route=\/wp\/v2\/pages\/192\/revisions\/300"}],"up":[{"embeddable":true,"href":"https:\/\/okornplast.si\/index.php?rest_route=\/wp\/v2\/pages\/186"}],"wp:attachment":[{"href":"https:\/\/okornplast.si\/index.php?rest_route=%2Fwp%2Fv2%2Fmedia&parent=192"}],"curies":[{"name":"wp","href":"https:\/\/api.w.org\/{rel}","templated":true}]}}