{"id":195,"date":"2020-12-15T17:11:03","date_gmt":"2020-12-15T17:11:03","guid":{"rendered":"https:\/\/okornplast.si\/?page_id=195"},"modified":"2020-12-15T17:11:36","modified_gmt":"2020-12-15T17:11:36","slug":"ldpe-pisani","status":"publish","type":"page","link":"https:\/\/okornplast.si\/?page_id=195","title":{"rendered":"LDPE pisani"},"content":{"rendered":"\n<p>Za posamezne stranke izdelujemo tudi pisani regranulat LDPE. V osnovi gre za enak proces snovne predelave (recikla\u017ee), pri tem, da se za surovino uporablja odpadna barvna folija. V vsakem primeru se pri recepturi uporablja tudi dele\u017e transparentne folije, ki omogo\u010da, da se regranulat la\u017eje obarva v \u017eeljeno barvo.<\/p>\n\n\n\n<figure class=\"wp-block-image size-large is-style-default\"><img decoding=\"async\" width=\"170\" height=\"128\" src=\"https:\/\/okornplast.si\/wp-content\/uploads\/2020\/12\/ldpe_pisani.png\" alt=\"\" class=\"wp-image-196\"\/><\/figure>\n\n\n\n<p>Tovrstni regranulat najraje pripravljamo za znanega kupca, ki ustreza proizvodnemu procesu. Ve\u010dinoma gre za proizvodnjo cevi, vre\u010dk za smeti in drugih tehnolo\u0161ko manj zahtevnih izdelkov. Prednost tovrstnega regranulata je v ceni, saj je cenej\u0161a vhodna surovina (odpadna barvna folija).<\/p>\n","protected":false},"excerpt":{"rendered":"<p>Za posamezne stranke izdelujemo tudi pisani regranulat LDPE. V osnovi gre za enak proces snovne predelave (recikla\u017ee), pri tem, da se za surovino uporablja odpadna barvna folija. V vsakem primeru se pri recepturi uporablja tudi dele\u017e transparentne folije, ki omogo\u010da, da se regranulat la\u017eje obarva v \u017eeljeno barvo. Tovrstni regranulat najraje pripravljamo za znanega kupca, &hellip; <\/p>\n<p class=\"link-more\"><a href=\"https:\/\/okornplast.si\/?page_id=195\" class=\"more-link\">Continue reading<span class=\"screen-reader-text\"> &#8220;LDPE pisani&#8221;<\/span><\/a><\/p>\n","protected":false},"author":1,"featured_media":0,"parent":186,"menu_order":1,"comment_status":"closed","ping_status":"closed","template":"","meta":{"footnotes":""},"class_list":["post-195","page","type-page","status-publish","hentry"],"_links":{"self":[{"href":"https:\/\/okornplast.si\/index.php?rest_route=\/wp\/v2\/pages\/195","targetHints":{"allow":["GET"]}}],"collection":[{"href":"https:\/\/okornplast.si\/index.php?rest_route=\/wp\/v2\/pages"}],"about":[{"href":"https:\/\/okornplast.si\/index.php?rest_route=\/wp\/v2\/types\/page"}],"author":[{"embeddable":true,"href":"https:\/\/okornplast.si\/index.php?rest_route=\/wp\/v2\/users\/1"}],"replies":[{"embeddable":true,"href":"https:\/\/okornplast.si\/index.php?rest_route=%2Fwp%2Fv2%2Fcomments&post=195"}],"version-history":[{"count":1,"href":"https:\/\/okornplast.si\/index.php?rest_route=\/wp\/v2\/pages\/195\/revisions"}],"predecessor-version":[{"id":197,"href":"https:\/\/okornplast.si\/index.php?rest_route=\/wp\/v2\/pages\/195\/revisions\/197"}],"up":[{"embeddable":true,"href":"https:\/\/okornplast.si\/index.php?rest_route=\/wp\/v2\/pages\/186"}],"wp:attachment":[{"href":"https:\/\/okornplast.si\/index.php?rest_route=%2Fwp%2Fv2%2Fmedia&parent=195"}],"curies":[{"name":"wp","href":"https:\/\/api.w.org\/{rel}","templated":true}]}}